{"id":1362,"date":"2018-10-09T13:28:38","date_gmt":"2018-10-09T13:28:38","guid":{"rendered":"https:\/\/www.golosalba.com\/?page_id=1362"},"modified":"2018-10-09T13:40:46","modified_gmt":"2018-10-09T13:40:46","slug":"privacy-policy","status":"publish","type":"page","link":"https:\/\/www.golosalba.com\/it\/privacy-policy\/","title":{"rendered":"Privacy policy"},"content":{"rendered":"<div class=\"fusion-fullwidth fullwidth-box nonhundred-percent-fullwidth non-hundred-percent-height-scrolling\"  style='background-color: rgba(255,255,255,0);background-position: center center;background-repeat: no-repeat;padding-top:100px;padding-right:0px;padding-bottom:0px;padding-left:0px;'><div class=\"fusion-builder-row fusion-row \"><div  class=\"fusion-layout-column fusion_builder_column fusion_builder_column_1_1 fusion-builder-column-1 fusion-one-full fusion-column-first fusion-column-last 1_1\"  style='margin-top:0px;margin-bottom:0px;'>\n\t\t\t\t\t<div class=\"fusion-column-wrapper\" style=\"padding: 0px 0px 0px 0px;background-position:left top;background-repeat:no-repeat;-webkit-background-size:cover;-moz-background-size:cover;-o-background-size:cover;background-size:cover;\"   data-bg-url=\"\">\n\t\t\t\t\t\t<div class=\"fusion-text\"><p style=\"text-align: center;\">INFORMATIVA SULLA PRIVACY<\/p>\n<h2 style=\"text-align: center;\">(Regolamento generale sulla protezione dei dati c.d. \u201cGDPR\u201d)<\/h2>\n<p>In ottemperanza degli obblighi derivanti dalla normativa nazionale (D. Lgs 30 giugno 2003 n. 196, Codice in materia di protezione dei dati personali) e comunitaria, (Regolamento europeo per la protezione dei dati personali n. 679\/2016, GDPR) e successive modifiche, il presente sito rispetta e tutela la riservatezza dei visitatori e degli utenti, ponendo in essere ogni sforzo possibile e proporzionato per non ledere i diritti degli utenti.<\/p>\n<p>La presente privacy policy si applica esclusivamente alle attivit\u00e0 online del presente sito ed \u00e8 valida per i visitatori\/utenti del sito. Non si applica alle informazioni raccolte tramite canali diversi dal presente sito web.\u00a0Lo scopo dell&#8217;informativa privacy \u00e8 di fornire la massima trasparenza relativamente alle informazioni che il sito raccoglie e come le usa.<\/p>\n<div class=\"titolopolicy\">\n<p style=\"text-align: center;\"><em>Base giuridica del trattamento<\/em><\/p>\n<\/div>\n<p><strong>Il presente sito tratta i dati in base al consenso.<\/strong> Con l&#8217;uso o la consultazione del presente sito i visitatori e gli utenti approvano esplicitamente la presente informativa privacy e acconsentono al trattamento dei loro dati personali in relazione alle modalit\u00e0 e alle finalit\u00e0 di seguito descritte, compreso l&#8217;eventuale diffusione a terzi se necessaria per l&#8217;erogazione di un servizio.<br \/>\nIl conferimento dei dati e quindi il Consenso alla raccolta e al trattamento dei dati \u00e8 facoltativo, l&#8217;Utente pu\u00f2 negare il consenso, e pu\u00f2 revocare in qualsiasi momento un consenso gi\u00e0 fornito (tramite il link Contatti a fondo pagina). Tuttavia negare il consenso pu\u00f2 comportare l&#8217;impossibilit\u00e0 di erogare alcuni servizi e l&#8217;esperienza di navigazione nel sito potrebbe essere compromessa.<\/p>\n<p>A partire dal 25 maggio 2018 (data di entrata in vigore del GDPR), il presente sito tratter\u00e0 alcuni dei dati in base ai legittimi interessi del titolare del trattamento.<\/p>\n<div class=\"titolopolicy\">\n<p style=\"text-align: center;\"><em>Dati raccolti e finalit\u00e0<\/em><\/p>\n<\/div>\n<p>Come tutti i siti web anche il presente sito fa uso di log files nei quali vengono conservate<strong> informazioni raccolte in maniera automatizzata<\/strong> durante le visite degli utenti. Le informazioni raccolte potrebbero essere le seguenti:<\/p>\n<p>&#8211; indirizzo internet protocol (IP);<br \/>\n&#8211; tipo di browser e parametri del dispositivo usato per connettersi al sito;<br \/>\n&#8211; nome dell&#8217;internet service provider (ISP);<br \/>\n&#8211; data e orario di visita;<br \/>\n&#8211; pagina web di provenienza del visitatore (referral) e di uscita;<br \/>\n&#8211; eventualmente il numero di click.<\/p>\n<p>Sul sito sono presenti Cookies locali e di terze parti per la rilevazione di dati statistici di navigazione e necessari alla fruibilit\u00e0 del sito stesso da parte dell\u2019utente. Per i dettagli sull\u2019utilizzo dei cookies su questo sito si rimanda all\u2019apposita \u201c<a href=\"http:\/\/www.golosalba.com\/cookie-policy\/\">Cookie policy<\/a>\u201d<\/p>\n<p>Le suddette informazioni sono trattate in forma automatizzata e raccolte in forma esclusivamente aggregata al fine di verificare il corretto funzionamento del sito, e per motivi di sicurezza (dal 25 maggio 2018 tali informazioni saranno trattate in base ai legittimi interessi del titolare).<br \/>\nA fini di sicurezza (filtri antispam, firewall, rilevazione virus), i dati registrati automaticamente possono eventualmente comprendere anche dati personali come l&#8217;indirizzo Ip, che potrebbe essere utilizzato, conformemente alle leggi vigenti in materia, al fine di bloccare tentativi di danneggiamento al sito medesimo o di recare danno ad altri utenti, o comunque attivit\u00e0 dannose o costituenti reato. Tali dati non sono mai utilizzati per l&#8217;identificazione o la profilazione dell&#8217;utente, ma solo a fini di tutela del sito e dei suoi utenti (dal 25 maggio 2018 tali informazioni saranno trattate in base ai legittimi interessi del titolare).<\/p>\n<div class=\"titolopolicy\">\n<p style=\"text-align: center;\"><em>Specifiche sezioni di raccolta dati nel sito<\/em><\/p>\n<\/div>\n<p>Il sito potrebbe rilevare automaticamente e registrare alcuni <strong>dati identificativi dell&#8217;utente<\/strong>, compreso l\u2019indirizzo mail. Tali dati si intendono <strong>volontariamente forniti dall&#8217;utente al momento della richiesta di erogazione del servizio attraverso la spunta relativa all\u2019autorizzazione al trattamento dei propri dati. <\/strong>Inserendo un commento o altra informazione l&#8217;utente accetta espressamente l&#8217;informativa sulla privacy, e in particolare acconsente che i contenuti inseriti siano liberamente diffusi anche a terzi. Le informazioni che gli utenti del sito riterranno di rendere pubbliche tramite i servizi e gli strumenti messi a disposizione degli stessi, sono fornite dall&#8217;utente consapevolmente e volontariamente, esentando il presente sito da qualsiasi responsabilit\u00e0 in merito ad eventuali violazioni delle leggi. Spetta all&#8217;utente verificare di avere i permessi per l&#8217;immissione di dati personali di terzi o di contenuti tutelati dalle norme nazionali ed internazionali.<\/p>\n<p>I dati ricevuti attraverso i cosidetti \u201c<strong><em>form dei contatti<\/em><\/strong>\u201d presenti su questo sito verranno utilizzati esclusivamente per l&#8217;erogazione del servizio richiesto o per dare seguito alla domanda posta dall\u2019utente e per il solo tempo necessario per la fornitura del servizio. In nessun caso saranno inseriti in un database o utilizzati per scopi diversi da quelli necessari esclusivamente all\u2019erogazione del servizio richiesto dall\u2019utente.<\/p>\n<p>Oltre ai sopracitati strumenti di raccolta e registrazione dati, questo sito usufruisce di moduli terzi, integrati nel codice delle pagine, che offrono funzionalit\u00e0 aggiuntive per le quali il trattamento dei dati personali non \u00e8 gestito direttamente da golosalba.com ma dai proprietari del modulo, le cui informative sulla privacy sono disponibili ai rispettivi url.<\/p>\n<p>I dati raccolti dal sito durante il suo funzionamento sono utilizzati esclusivamente per le finalit\u00e0 sopra indicate e conservati per il tempo strettamente necessario a svolgere le attivit\u00e0 precisate. In ogni caso i dati rilevati dal sito non saranno forniti mai a terzi, per nessuna ragione, a meno che non si tratti di legittima richiesta da parte dell\u2019autorit\u00e0 giudiziaria e nei soli casi previsti dalla legge.<\/p>\n<p>I dati utilizzati a fini di sicurezza (blocco tentativi di danneggiamento del sito) sono conservati per 7 giorni.<\/p>\n<div class=\"titolopolicy\">\n<p style=\"text-align: center;\"><em>Luogo del trattamento<\/em><\/p>\n<\/div>\n<p>I dati raccolti dal sito sono trattati presso la sede del Titolare del Trattamento, e presso il datacenter del web Hosting. Il web hosting (Serverplan s.r.l. &#8211; Via G.Leopardi, 22 &#8211; 03043 Cassino (FR)), che \u00e8 responsabile del trattamento dei dati, elaborando i dati per conto del titolare, si trova nello Spazio Economico Europeo e agisce in conformit\u00e0 delle norme europee.<\/p>\n<div class=\"titolopolicy\">\n<p style=\"text-align: center;\"><em>Plugin social network<\/em><\/p>\n<\/div>\n<p>Il presente sito incorpora anche plugin e\/o bottoni per i social network, al fine di consentire una facile condivisione dei contenuti sui vostri social network preferiti. Tali plugin sono programmati in modo da non impostare alcun cookie all&#8217;accesso della pagina, per salvaguardare la privacy degli utenti. Eventualmente i cookie vengono impostati, se cos\u00ec previsto dai social network, solo quando l&#8217;utente fa effettivo e volontario uso del plugin. Si tenga presente che se l&#8217;utente naviga essendo loggato nel social network allora ha gi\u00e0 acconsentito all&#8217;uso dei cookie veicolati tramite questo sito al momento dell&#8217;iscrizione al social network.<br \/>\nLa raccolta e l&#8217;uso delle informazioni ottenute a mezzo del plugin sono regolati dalle rispettive informative privacy dei social network, alle quali si prega di fare riferimento.<\/p>\n<p>&#8211; <a href=\"https:\/\/www.facebook.com\/about\/privacy\/\">Facebook<\/a>\u00a0&#8211; (<a href=\"https:\/\/www.facebook.com\/help\/cookies\/\">link informativa cookie<\/a>)<br \/>\n&#8211; <a href=\"https:\/\/twitter.com\/privacy?lang=it\">Twitter<\/a>\u00a0&#8211; (<a href=\"https:\/\/support.twitter.com\/articles\/20170519-uso-dei-cookie-e-di-altre-tecnologie-simili-da-parte-di-twitter\">link informativa cookie<\/a>)<br \/>\n&#8211; <a href=\"https:\/\/www.linkedin.com\/legal\/privacy-policy\">LinkedIn<\/a>\u00a0&#8211; (<a href=\"https:\/\/www.linkedin.com\/legal\/cookie-policy\">link informativa cookie<\/a>)<br \/>\n&#8211; <a href=\"http:\/\/www.google.com\/intl\/it\/policies\/privacy\/\">Google+<\/a>\u00a0&#8211; (<a href=\"http:\/\/www.google.it\/intl\/it\/policies\/technologies\/cookies\/\">link informativa cookie<\/a>).<\/p>\n<div class=\"titolopolicy\">\n<p style=\"text-align: center;\"><em>Trasferimento di dati in paesi extra UE<\/em><\/p>\n<\/div>\n<p>Il presente sito potrebbe condividere alcuni dei dati raccolti con servizi localizzati al di fuori dell&#8217;area dell&#8217;Unione Europea. In particolare con Google, Facebook e Microsoft (LinkedIn) tramite i social plugin e il servizio di Google Analytics. Il trasferimento \u00e8 autorizzato in base a specifiche <a href=\"http:\/\/www.garanteprivacy.it\/home\/provvedimenti-normativa\/normativa\/normativa-comunitaria-e-intenazionale\/trasferimento-dei-dati-verso-paesi-terzi\">decisioni dell&#8217;Unione Europea e del Garante per la tutela dei dati personali<\/a>, in particolare la decisione 1250\/2016 (<a href=\"http:\/\/eur-lex.europa.eu\/legal-content\/IT\/TXT\/?uri=CELEX%3A32016D1250\">Privacy Shield<\/a>\u00a0&#8211; qui la <a href=\"http:\/\/www.garanteprivacy.it\/web\/guest\/home\/docweb\/-\/docweb-display\/docweb\/5306161\">pagina informativa del Garante italiano<\/a>), per cui non occorre ulteriore consenso.\u00a0Le aziende sopra menzionate garantiscono la propria adesione al Privacy Shield.<\/p>\n<div class=\"titolopolicy\">\n<p style=\"text-align: center;\"><em>Misure di sicurezza<\/em><\/p>\n<\/div>\n<p>Il presente sito tratta i dati degli utenti in maniera lecita e corretta, adottando le opportune misure di sicurezza volte ad impedire accessi non autorizzati, divulgazione, modifica o distruzione non autorizzata dei dati. Il trattamento viene effettuato mediante strumenti informatici e\/o telematici, con modalit\u00e0 organizzative e con logiche strettamente correlate alle finalit\u00e0 indicate. Oltre al titolare, in alcuni casi, potrebbero avere accesso ai dati categorie di incaricati coinvolti nell\u2019organizzazione del sito (personale amministrativo, commerciale, marketing, legali, amministratori di sistema) ovvero soggetti esterni (come fornitori di servizi tecnici terzi, corrieri postali, hosting provider, societ\u00e0 informatiche, agenzie di comunicazione).<\/p>\n<p><strong>\u00a0<\/strong><\/p>\n<div class=\"titolopolicy\">\n<p style=\"text-align: center;\"><em>Diritti dell&#8217;utente<\/em><\/p>\n<\/div>\n<p>Ai sensi del Regolamento europeo 679\/2016 (GDPR) e della normativa nazionale, l&#8217;Utente pu\u00f2, secondo le modalit\u00e0 e nei limiti previsti dalla vigente normativa, esercitare i seguenti diritti:<\/p>\n<ul>\n<li>richiedere la conferma dell&#8217;esistenza di dati personali che lo riguardano (diritto di accesso);<\/li>\n<li>conoscerne l&#8217;origine;<\/li>\n<li>riceverne comunicazione intelligibile;<\/li>\n<li>avere informazioni circa la logica, le modalit\u00e0 e le finalit\u00e0 del trattamento;<\/li>\n<li>richiederne l&#8217;aggiornamento, la rettifica, l&#8217;integrazione, la cancellazione, la trasformazione in forma anonima, il blocco dei dati trattati in violazione di legge, ivi compresi quelli non pi\u00f9 necessari al perseguimento degli scopi per i quali sono stati raccolti;<\/li>\n<li>nei casi di trattamento basato su consenso, ricevere al solo costo dell\u2019eventuale supporto, i suoi dati forniti al titolare, in forma strutturata e leggibile da un elaboratore di dati e in un formato comunemente usato da un dispositivo elettronico;<\/li>\n<li>il diritto di presentare un reclamo all\u2019Autorit\u00e0 di controllo (Garante Privacy \u2013 <a href=\"http:\/\/www.garanteprivacy.it\/web\/guest\/home\/docweb\/-\/docweb-display\/docweb\/4535524\">link alla pagina del Garante<\/a>);<\/li>\n<li>nonch\u00e9, pi\u00f9 in generale, esercitare tutti i diritti che gli sono riconosciuti dalle vigenti disposizioni di legge.<\/li>\n<\/ul>\n<p>Le richieste vanno rivolte al Titolare del trattamento.<\/p>\n<p>Nel caso in cui i dati siano trattati in base ai <strong>legittimi interessi<\/strong> sono comunque garantiti i diritti degli interessati al trattamento (tranne il diritto alla portabilit\u00e0 che non \u00e8 previsto dalle norme), in particolare il diritto di opposizione al trattamento che pu\u00f2 essere esercitato inviando una richiesta al titolare del trattamento.<\/p>\n<div class=\"titolopolicy\">\n<p style=\"text-align: center;\"><em>Titolari del trattamento<\/em><\/p>\n<\/div>\n<p>Titolare del trattamento ai sensi delle leggi vigenti \u00e8 l\u2019amministratore del sito contattabile alla sezione <a href=\"https:\/\/www.golosalba.com\/contatti\/\">CONTATTI<\/a><\/p>\n<p><strong>\u00a0<\/strong><\/p>\n<div class=\"titolopolicy\">\n<p style=\"text-align: center;\"><em>Responsabili del trattamento<\/em><\/p>\n<\/div>\n<p>Responsabili del trattamento dei dati per questo sito:<\/p>\n<ul>\n<li>Il web hosting (<strong>Serverplan s.r.l.<\/strong> &#8211; Via G.Leopardi, 22 &#8211; 03043 Cassino (FR)), \u00e8 nominato responsabile del trattamento, elaborando i dati per conto del titolare. Serverplan si trova nello Spazio Economico Europeo e agisce in conformit\u00e0 delle norme europee (<a href=\"https:\/\/www.serverplan.com\/about-us\/privacy\">policy privacy di Serverplan<\/a>).<\/li>\n<li><strong>Google <\/strong>\u00e8 nominato responsabile del trattamento, elaborando dati per conto del titolare (Google Analytics).<\/li>\n<\/ul>\n<\/div><div class=\"fusion-clearfix\"><\/div>\n\n\t\t\t\t\t<\/div>\n\t\t\t\t<\/div><\/div><\/div>\n","protected":false},"excerpt":{"rendered":"","protected":false},"author":1,"featured_media":0,"parent":0,"menu_order":0,"comment_status":"closed","ping_status":"closed","template":"","meta":{"om_disable_all_campaigns":false,"_monsterinsights_skip_tracking":false,"_monsterinsights_sitenote_active":false,"_monsterinsights_sitenote_note":"","_monsterinsights_sitenote_category":0,"footnotes":""},"class_list":["post-1362","page","type-page","status-publish","hentry"],"aioseo_notices":[],"_links":{"self":[{"href":"https:\/\/www.golosalba.com\/it\/wp-json\/wp\/v2\/pages\/1362","targetHints":{"allow":["GET"]}}],"collection":[{"href":"https:\/\/www.golosalba.com\/it\/wp-json\/wp\/v2\/pages"}],"about":[{"href":"https:\/\/www.golosalba.com\/it\/wp-json\/wp\/v2\/types\/page"}],"author":[{"embeddable":true,"href":"https:\/\/www.golosalba.com\/it\/wp-json\/wp\/v2\/users\/1"}],"replies":[{"embeddable":true,"href":"https:\/\/www.golosalba.com\/it\/wp-json\/wp\/v2\/comments?post=1362"}],"version-history":[{"count":5,"href":"https:\/\/www.golosalba.com\/it\/wp-json\/wp\/v2\/pages\/1362\/revisions"}],"predecessor-version":[{"id":1369,"href":"https:\/\/www.golosalba.com\/it\/wp-json\/wp\/v2\/pages\/1362\/revisions\/1369"}],"wp:attachment":[{"href":"https:\/\/www.golosalba.com\/it\/wp-json\/wp\/v2\/media?parent=1362"}],"curies":[{"name":"wp","href":"https:\/\/api.w.org\/{rel}","templated":true}]}}